{"id":374,"date":"2026-02-27T11:18:40","date_gmt":"2026-02-27T10:18:40","guid":{"rendered":"https:\/\/fejlesztes.business-class.hu\/?page_id=374"},"modified":"2026-03-11T15:33:23","modified_gmt":"2026-03-11T14:33:23","slug":"courses","status":"publish","type":"page","link":"https:\/\/business-class.hu\/en\/kepzesek\/","title":{"rendered":"Courses"},"content":{"rendered":"<div data-elementor-type=\"wp-page\" data-elementor-id=\"374\" class=\"elementor elementor-374\" data-elementor-post-type=\"page\">\n\t\t\t\t<div class=\"elementor-element elementor-element-7c0ab34 e-flex e-con-boxed e-con e-parent\" data-id=\"7c0ab34\" data-element_type=\"container\" data-e-type=\"container\" data-settings=\"{&quot;background_background&quot;:&quot;classic&quot;}\">\n\t\t\t\t\t<div class=\"e-con-inner\">\n\t\t\t\t<div class=\"elementor-element elementor-element-6e9511a elementor-widget elementor-widget-heading\" data-id=\"6e9511a\" data-element_type=\"widget\" data-e-type=\"widget\" data-widget_type=\"heading.default\">\n\t\t\t\t\t<h1 class=\"elementor-heading-title elementor-size-default\">Training Programs That Deliver Real Results<\/h1>\t\t\t\t<\/div>\n\t\t\t\t<div class=\"elementor-element elementor-element-f2b89d5 elementor-widget__width-initial elementor-widget-mobile__width-inherit elementor-widget elementor-widget-text-editor\" data-id=\"f2b89d5\" data-element_type=\"widget\" data-e-type=\"widget\" data-widget_type=\"text-editor.default\">\n\t\t\t\t\t\t\t\t\t<p>We don't offer generic language courses; we provide targeted training built to support your day-to-day business operations.<\/p>\t\t\t\t\t\t\t\t<\/div>\n\t\t\t\t<div class=\"elementor-element elementor-element-df003df elementor-align-center elementor-mobile-align-justify elementor-widget elementor-widget-button\" data-id=\"df003df\" data-element_type=\"widget\" data-e-type=\"widget\" data-widget_type=\"button.default\">\n\t\t\t\t\t\t\t\t\t\t<a class=\"elementor-button elementor-button-link elementor-size-sm elementor-animation-grow\" href=\"https:\/\/business-class.hu\/en\/ajanlat\/\">\n\t\t\t\t\t\t<span class=\"elementor-button-content-wrapper\">\n\t\t\t\t\t\t\t\t\t<span class=\"elementor-button-text\">Get my Custom Proposal<\/span>\n\t\t\t\t\t<\/span>\n\t\t\t\t\t<\/a>\n\t\t\t\t\t\t\t\t<\/div>\n\t\t\t\t\t<\/div>\n\t\t\t\t<\/div>\n\t\t<div class=\"elementor-element elementor-element-ef0c26a e-flex e-con-boxed e-con e-parent\" data-id=\"ef0c26a\" data-element_type=\"container\" data-e-type=\"container\">\n\t\t\t\t\t<div class=\"e-con-inner\">\n\t\t<div class=\"elementor-element elementor-element-ddc8990 e-con-full e-flex e-con e-child\" data-id=\"ddc8990\" data-element_type=\"container\" data-e-type=\"container\">\n\t\t\t\t<div class=\"elementor-element elementor-element-a2de1e1 elementor-widget elementor-widget-heading\" data-id=\"a2de1e1\" data-element_type=\"widget\" data-e-type=\"widget\" data-widget_type=\"heading.default\">\n\t\t\t\t\t<h2 class=\"elementor-heading-title elementor-size-default\">Do several people on your team understand English, but hesitate to speak up?\n<\/h2>\t\t\t\t<\/div>\n\t\t\t\t<div class=\"elementor-element elementor-element-e2649c9 elementor-widget elementor-widget-text-editor\" data-id=\"e2649c9\" data-element_type=\"widget\" data-e-type=\"widget\" data-widget_type=\"text-editor.default\">\n\t\t\t\t\t\t\t\t\t<p>Do they tend to just listen in meetings rather than contribute? \nIs there always a sense of anxiety before a major presentation?<br \/>Is there always a sense of anxiety before a major presentation?<\/p><p>If any of this sounds familiar, the problem isn't your team.<br \/>We design solutions for these exact scenarios.<\/p><p><b>We don't offer generic language courses; we provide targeted training built to support your day-to-day business operations.<\/b><\/p><p class=\"translation-block\">Beyond English, we help international colleagues integrate with Hungarian as a Foreign Language courses, and we also provide  <b>German, French, Spanish, and Russian training upon request. <\/b><\/p><p>Note: Our programs can also be offered as a corporate benefit, simultaneously supporting employee development and company profitability.<\/p>\t\t\t\t\t\t\t\t<\/div>\n\t\t\t\t<\/div>\n\t\t<div class=\"elementor-element elementor-element-a60d7c8 e-con-full e-flex e-con e-child\" data-id=\"a60d7c8\" data-element_type=\"container\" data-e-type=\"container\">\n\t\t\t\t<div class=\"elementor-element elementor-element-f5ad482 elementor-widget elementor-widget-image\" data-id=\"f5ad482\" data-element_type=\"widget\" data-e-type=\"widget\" data-widget_type=\"image.default\">\n\t\t\t\t\t\t\t\t\t\t\t\t\t\t\t<img alt=\"\" fetchpriority=\"high\" decoding=\"async\" width=\"620\" height=\"451\" src=\"https:\/\/business-class.hu\/wp-content\/uploads\/2026\/03\/magabiztos-nyelvtudas.jpg\" class=\"attachment-large size-large wp-image-527\" \/>\t\t\t\t\t\t\t\t\t\t\t\t\t\t\t<\/div>\n\t\t\t\t<\/div>\n\t\t\t\t\t<\/div>\n\t\t\t\t<\/div>\n\t\t<div class=\"elementor-element elementor-element-41a7103 e-flex e-con-boxed e-con e-parent\" data-id=\"41a7103\" data-element_type=\"container\" data-e-type=\"container\" data-settings=\"{&quot;background_background&quot;:&quot;classic&quot;}\">\n\t\t\t\t\t<div class=\"e-con-inner\">\n\t\t<div class=\"elementor-element elementor-element-f1c6203 e-con-full e-flex e-con e-child\" data-id=\"f1c6203\" data-element_type=\"container\" data-e-type=\"container\">\n\t\t\t\t<div class=\"elementor-element elementor-element-54f0865 elementor-widget elementor-widget-image\" data-id=\"54f0865\" data-element_type=\"widget\" data-e-type=\"widget\" data-widget_type=\"image.default\">\n\t\t\t\t\t\t\t\t\t\t\t\t\t\t\t<img alt=\"\" decoding=\"async\" width=\"620\" height=\"514\" src=\"https:\/\/business-class.hu\/wp-content\/uploads\/2026\/03\/altalanos-munkahelyi-nyelvtudas.jpg\" class=\"attachment-large size-large wp-image-531\" \/>\t\t\t\t\t\t\t\t\t\t\t\t\t\t\t<\/div>\n\t\t\t\t<\/div>\n\t\t<div class=\"elementor-element elementor-element-5a3b554 e-con-full e-flex e-con e-child\" data-id=\"5a3b554\" data-element_type=\"container\" data-e-type=\"container\">\n\t\t\t\t<div class=\"elementor-element elementor-element-b8378de elementor-widget elementor-widget-heading\" data-id=\"b8378de\" data-element_type=\"widget\" data-e-type=\"widget\" data-widget_type=\"heading.default\">\n\t\t\t\t\t<h2 class=\"elementor-heading-title elementor-size-default\">General Workplace Communication<\/h2>\t\t\t\t<\/div>\n\t\t\t\t<div class=\"elementor-element elementor-element-2dcd26d elementor-widget elementor-widget-text-editor\" data-id=\"2dcd26d\" data-element_type=\"widget\" data-e-type=\"widget\" data-widget_type=\"text-editor.default\">\n\t\t\t\t\t\t\t\t\t<p>Making English a Tool, Not a Barrier<\/p><p>Does it ever happen that:<\/p>\t\t\t\t\t\t\t\t<\/div>\n\t\t\t\t<div class=\"elementor-element elementor-element-cf00f58 elementor-align-start elementor-widget__width-initial elementor-icon-list--layout-traditional elementor-list-item-link-full_width elementor-widget elementor-widget-icon-list\" data-id=\"cf00f58\" data-element_type=\"widget\" data-e-type=\"widget\" data-widget_type=\"icon-list.default\">\n\t\t\t\t\t\t\t<ul class=\"elementor-icon-list-items\">\n\t\t\t\t\t\t\t<li class=\"elementor-icon-list-item\">\n\t\t\t\t\t\t\t\t\t\t\t<span class=\"elementor-icon-list-icon\">\n\t\t\t\t\t\t\t<svg aria-hidden=\"true\" class=\"e-font-icon-svg e-fas-dot-circle\" viewbox=\"0 0 512 512\" xmlns=\"http:\/\/www.w3.org\/2000\/svg\"><path d=\"M256 8C119.033 8 8 119.033 8 256s111.033 248 248 248 248-111.033 248-248S392.967 8 256 8zm80 248c0 44.112-35.888 80-80 80s-80-35.888-80-80 35.888-80 80-80 80 35.888 80 80z\"><\/path><\/svg>\t\t\t\t\t\t<\/span>\n\t\t\t\t\t\t\t\t\t\t<span class=\"elementor-icon-list-text\">After a meeting, it turns out not everyone fully understood their tasks?<\/span>\n\t\t\t\t\t\t\t\t\t<\/li>\n\t\t\t\t\t\t\t\t<li class=\"elementor-icon-list-item\">\n\t\t\t\t\t\t\t\t\t\t\t<span class=\"elementor-icon-list-icon\">\n\t\t\t\t\t\t\t<svg aria-hidden=\"true\" class=\"e-font-icon-svg e-fas-dot-circle\" viewbox=\"0 0 512 512\" xmlns=\"http:\/\/www.w3.org\/2000\/svg\"><path d=\"M256 8C119.033 8 8 119.033 8 256s111.033 248 248 248 248-111.033 248-248S392.967 8 256 8zm80 248c0 44.112-35.888 80-80 80s-80-35.888-80-80 35.888-80 80-80 80 35.888 80 80z\"><\/path><\/svg>\t\t\t\t\t\t<\/span>\n\t\t\t\t\t\t\t\t\t\t<span class=\"elementor-icon-list-text\">Foreign partners frequently ask for clarification on emails?<\/span>\n\t\t\t\t\t\t\t\t\t<\/li>\n\t\t\t\t\t\t\t\t<li class=\"elementor-icon-list-item\">\n\t\t\t\t\t\t\t\t\t\t\t<span class=\"elementor-icon-list-icon\">\n\t\t\t\t\t\t\t<svg aria-hidden=\"true\" class=\"e-font-icon-svg e-fas-dot-circle\" viewbox=\"0 0 512 512\" xmlns=\"http:\/\/www.w3.org\/2000\/svg\"><path d=\"M256 8C119.033 8 8 119.033 8 256s111.033 248 248 248 248-111.033 248-248S392.967 8 256 8zm80 248c0 44.112-35.888 80-80 80s-80-35.888-80-80 35.888-80 80-80 80 35.888 80 80z\"><\/path><\/svg>\t\t\t\t\t\t<\/span>\n\t\t\t\t\t\t\t\t\t\t<span class=\"elementor-icon-list-text\">Colleagues prefer to pass the communication duties on to you?<\/span>\n\t\t\t\t\t\t\t\t\t<\/li>\n\t\t\t\t\t\t<\/ul>\n\t\t\t\t\t\t<\/div>\n\t\t\t\t<div class=\"elementor-element elementor-element-29c68c4 elementor-widget elementor-widget-text-editor\" data-id=\"29c68c4\" data-element_type=\"widget\" data-e-type=\"widget\" data-widget_type=\"text-editor.default\">\n\t\t\t\t\t\t\t\t\t<p>This isn't a lack of language skills. It's a lack of confidence and practice.<\/p><p><strong>We change that.<\/strong><br \/>We prepare your team for the situations they face every single day: meetings, negotiations, presentations, and business correspondence.<\/p><p><strong>The Result:<\/strong> More confident speaking, fewer misunderstandings, and faster decision-making<\/p>\t\t\t\t\t\t\t\t<\/div>\n\t\t\t\t<div class=\"elementor-element elementor-element-624dba1 elementor-align-left elementor-mobile-align-justify elementor-widget elementor-widget-button\" data-id=\"624dba1\" data-element_type=\"widget\" data-e-type=\"widget\" data-widget_type=\"button.default\">\n\t\t\t\t\t\t\t\t\t\t<a class=\"elementor-button elementor-button-link elementor-size-sm elementor-animation-grow\" href=\"https:\/\/business-class.hu\/en\/ajanlat\/\">\n\t\t\t\t\t\t<span class=\"elementor-button-content-wrapper\">\n\t\t\t\t\t\t\t\t\t<span class=\"elementor-button-text\">Explore Team Training Options<\/span>\n\t\t\t\t\t<\/span>\n\t\t\t\t\t<\/a>\n\t\t\t\t\t\t\t\t<\/div>\n\t\t\t\t<\/div>\n\t\t\t\t\t<\/div>\n\t\t\t\t<\/div>\n\t\t<div class=\"elementor-element elementor-element-2572d3c e-flex e-con-boxed e-con e-parent\" data-id=\"2572d3c\" data-element_type=\"container\" data-e-type=\"container\">\n\t\t\t\t\t<div class=\"e-con-inner\">\n\t\t<div class=\"elementor-element elementor-element-2f0df03 e-con-full e-flex e-con e-child\" data-id=\"2f0df03\" data-element_type=\"container\" data-e-type=\"container\">\n\t\t\t\t<div class=\"elementor-element elementor-element-6a3f42f elementor-widget elementor-widget-heading\" data-id=\"6a3f42f\" data-element_type=\"widget\" data-e-type=\"widget\" data-widget_type=\"heading.default\">\n\t\t\t\t\t<h2 class=\"elementor-heading-title elementor-size-default\">Specialized Skills Training\n<\/h2>\t\t\t\t<\/div>\n\t\t\t\t<div class=\"elementor-element elementor-element-598b512 elementor-widget elementor-widget-text-editor\" data-id=\"598b512\" data-element_type=\"widget\" data-e-type=\"widget\" data-widget_type=\"text-editor.default\">\n\t\t\t\t\t\t\t\t\t<p><strong>When \"Getting By\" in English Isn't Enough<\/strong><\/p><p>Do you have key personnel working on international projects?<br \/>Are they negotiating, presenting, or discussing contracts?<br \/>Do you sense they could achieve much more if their language skills were rock-solid?<\/p><p>A poorly phrased sentence can jeopardize a deal.<br \/>A hesitant delivery can weaken your negotiating position.<\/p><p>We don't let that happen.<br \/>We build highly targeted, industry-specific communication training for: Finance Legal, HR, Sales, Executive Communication<\/p><p><strong>Exactly what your team needs, and nothing they don't.<\/strong><\/p>\t\t\t\t\t\t\t\t<\/div>\n\t\t\t\t<div class=\"elementor-element elementor-element-9309cec elementor-align-left elementor-mobile-align-justify elementor-widget elementor-widget-button\" data-id=\"9309cec\" data-element_type=\"widget\" data-e-type=\"widget\" data-widget_type=\"button.default\">\n\t\t\t\t\t\t\t\t\t\t<a class=\"elementor-button elementor-button-link elementor-size-sm elementor-animation-grow\" href=\"https:\/\/business-class.hu\/en\/ajanlat\/\">\n\t\t\t\t\t\t<span class=\"elementor-button-content-wrapper\">\n\t\t\t\t\t\t\t\t\t<span class=\"elementor-button-text\">Build Your Tailored Curriculum<\/span>\n\t\t\t\t\t<\/span>\n\t\t\t\t\t<\/a>\n\t\t\t\t\t\t\t\t<\/div>\n\t\t\t\t<\/div>\n\t\t<div class=\"elementor-element elementor-element-68ea86e e-con-full e-flex e-con e-child\" data-id=\"68ea86e\" data-element_type=\"container\" data-e-type=\"container\">\n\t\t\t\t<div class=\"elementor-element elementor-element-0abf600 elementor-widget elementor-widget-image\" data-id=\"0abf600\" data-element_type=\"widget\" data-e-type=\"widget\" data-widget_type=\"image.default\">\n\t\t\t\t\t\t\t\t\t\t\t\t\t\t\t<img alt=\"\" decoding=\"async\" width=\"620\" height=\"464\" src=\"https:\/\/business-class.hu\/wp-content\/uploads\/2026\/03\/specialis-keszsegfejleszto-kepzesek.jpg\" class=\"attachment-large size-large wp-image-538\" \/>\t\t\t\t\t\t\t\t\t\t\t\t\t\t\t<\/div>\n\t\t\t\t<\/div>\n\t\t\t\t\t<\/div>\n\t\t\t\t<\/div>\n\t\t<div class=\"elementor-element elementor-element-c3894dd e-flex e-con-boxed e-con e-parent\" data-id=\"c3894dd\" data-element_type=\"container\" data-e-type=\"container\" data-settings=\"{&quot;background_background&quot;:&quot;classic&quot;}\">\n\t\t\t\t\t<div class=\"e-con-inner\">\n\t\t<div class=\"elementor-element elementor-element-daab7c2 e-con-full e-flex e-con e-child\" data-id=\"daab7c2\" data-element_type=\"container\" data-e-type=\"container\">\n\t\t\t\t<div class=\"elementor-element elementor-element-c7334b6 elementor-widget elementor-widget-image\" data-id=\"c7334b6\" data-element_type=\"widget\" data-e-type=\"widget\" data-widget_type=\"image.default\">\n\t\t\t\t\t\t\t\t\t\t\t\t\t\t\t<img alt=\"\" loading=\"lazy\" decoding=\"async\" width=\"615\" height=\"510\" src=\"https:\/\/business-class.hu\/wp-content\/uploads\/2026\/03\/online-meetingek.jpg\" class=\"attachment-large size-large wp-image-548\" \/>\t\t\t\t\t\t\t\t\t\t\t\t\t\t\t<\/div>\n\t\t\t\t<\/div>\n\t\t<div class=\"elementor-element elementor-element-de33b02 e-con-full e-flex e-con e-child\" data-id=\"de33b02\" data-element_type=\"container\" data-e-type=\"container\">\n\t\t\t\t<div class=\"elementor-element elementor-element-265bf81 elementor-widget elementor-widget-heading\" data-id=\"265bf81\" data-element_type=\"widget\" data-e-type=\"widget\" data-widget_type=\"heading.default\">\n\t\t\t\t\t<h2 class=\"elementor-heading-title elementor-size-default\">Online Training<\/h2>\t\t\t\t<\/div>\n\t\t\t\t<div class=\"elementor-element elementor-element-18e3365 elementor-widget elementor-widget-text-editor\" data-id=\"18e3365\" data-element_type=\"widget\" data-e-type=\"widget\" data-widget_type=\"text-editor.default\">\n\t\t\t\t\t\t\t\t\t<p><strong>When You Can't Be in One Place, We Make It Work<\/strong><\/p><p class=\"translation-block\">Operating across multiple locations?<br> Do your colleagues travel frequently? <br>Is scheduling a nightmare?<\/p><p>Online training only works when backed by a professional infrastructure.<\/p><p>We don't just host \"Zoom classes\".<br \/>We provide a fully-featured digital classroom.<br \/>Expect live instruction, small groups, and active participation.<\/p><p><strong>It's the exact same premium quality as if we were there in person.<\/strong><\/p>\t\t\t\t\t\t\t\t<\/div>\n\t\t\t\t<div class=\"elementor-element elementor-element-21f0045 elementor-align-left elementor-mobile-align-justify elementor-widget elementor-widget-button\" data-id=\"21f0045\" data-element_type=\"widget\" data-e-type=\"widget\" data-widget_type=\"button.default\">\n\t\t\t\t\t\t\t\t\t\t<a class=\"elementor-button elementor-button-link elementor-size-sm elementor-animation-grow\" href=\"https:\/\/business-class.hu\/en\/ajanlat\/\">\n\t\t\t\t\t\t<span class=\"elementor-button-content-wrapper\">\n\t\t\t\t\t\t\t\t\t<span class=\"elementor-button-text\">Inquire About Fast-Track Training<\/span>\n\t\t\t\t\t<\/span>\n\t\t\t\t\t<\/a>\n\t\t\t\t\t\t\t\t<\/div>\n\t\t\t\t<\/div>\n\t\t\t\t\t<\/div>\n\t\t\t\t<\/div>\n\t\t<div class=\"elementor-element elementor-element-08cd878 e-flex e-con-boxed e-con e-parent\" data-id=\"08cd878\" data-element_type=\"container\" data-e-type=\"container\">\n\t\t\t\t\t<div class=\"e-con-inner\">\n\t\t<div class=\"elementor-element elementor-element-d275364 e-con-full e-flex e-con e-child\" data-id=\"d275364\" data-element_type=\"container\" data-e-type=\"container\">\n\t\t\t\t<div class=\"elementor-element elementor-element-d0e223e elementor-widget elementor-widget-heading\" data-id=\"d0e223e\" data-element_type=\"widget\" data-e-type=\"widget\" data-widget_type=\"heading.default\">\n\t\t\t\t\t<h2 class=\"elementor-heading-title elementor-size-default\">Mini-Courses<\/h2>\t\t\t\t<\/div>\n\t\t\t\t<div class=\"elementor-element elementor-element-6306c6b elementor-widget elementor-widget-text-editor\" data-id=\"6306c6b\" data-element_type=\"widget\" data-e-type=\"widget\" data-widget_type=\"text-editor.default\">\n\t\t\t\t\t\t\t\t\t<p><strong>Fast Support When There\u2019s No Time to Experiment<\/strong><\/p><p class=\"translation-block\">Is a crucial presentation approaching? <br>Will an upcoming negotiation be held in English? <br>Are you prepping for an international conference?<br>\nIn these moments, you don't have months to study.<\/p><p class=\"translation-block\">We deliver visible improvements in a short timeframe through intensive, highly targeted training blocks designed for your specific upcoming event.<\/p>\t\t\t\t\t\t\t\t<\/div>\n\t\t\t\t<div class=\"elementor-element elementor-element-2d49463 elementor-align-left elementor-mobile-align-justify elementor-widget elementor-widget-button\" data-id=\"2d49463\" data-element_type=\"widget\" data-e-type=\"widget\" data-widget_type=\"button.default\">\n\t\t\t\t\t\t\t\t\t\t<a class=\"elementor-button elementor-button-link elementor-size-sm elementor-animation-grow\" href=\"https:\/\/business-class.hu\/en\/ajanlat\/\">\n\t\t\t\t\t\t<span class=\"elementor-button-content-wrapper\">\n\t\t\t\t\t\t\t\t\t<span class=\"elementor-button-text\">Inquire About Fast-Track Training<\/span>\n\t\t\t\t\t<\/span>\n\t\t\t\t\t<\/a>\n\t\t\t\t\t\t\t\t<\/div>\n\t\t\t\t<\/div>\n\t\t<div class=\"elementor-element elementor-element-750c2d6 e-con-full e-flex e-con e-child\" data-id=\"750c2d6\" data-element_type=\"container\" data-e-type=\"container\">\n\t\t\t\t<div class=\"elementor-element elementor-element-0d1f9c8 elementor-widget elementor-widget-image\" data-id=\"0d1f9c8\" data-element_type=\"widget\" data-e-type=\"widget\" data-widget_type=\"image.default\">\n\t\t\t\t\t\t\t\t\t\t\t\t\t\t\t<img alt=\"\" loading=\"lazy\" decoding=\"async\" width=\"615\" height=\"460\" src=\"https:\/\/business-class.hu\/wp-content\/uploads\/2026\/03\/mini-kurzusok.jpg\" class=\"attachment-large size-large wp-image-555\" \/>\t\t\t\t\t\t\t\t\t\t\t\t\t\t\t<\/div>\n\t\t\t\t<\/div>\n\t\t\t\t\t<\/div>\n\t\t\t\t<\/div>\n\t\t\t\t<\/div>","protected":false},"excerpt":{"rendered":"<p>K\u00e9pz\u00e9sek, amelyek val\u00f3di eredm\u00e9nyt hoznak Nem \u00e1ltal\u00e1nos nyelvtanfolyamokat k\u00edn\u00e1lunk, hanem a mindennapi \u00fczleti m\u0171k\u00f6d\u00e9st t\u00e1mogat\u00f3, c\u00e9lzott k\u00e9pz\u00e9seket. K\u00e9rj szem\u00e9lyre szabott \u00e1raj\u00e1nlatot A csapatodban t\u00f6bben \u00e9rtik az angolt, de nem mernek megsz\u00f3lalni? A megbesz\u00e9l\u00e9seken ink\u00e1bb hallgatnak, mint hozz\u00e1sz\u00f3lnak?Egy fontos prezent\u00e1ci\u00f3 el\u0151tt mindig ott a bizonytalans\u00e1g? Ha ezek k\u00f6z\u00fcl b\u00e1rmelyik is ismer\u0151s, nem a koll\u00e9g\u00e1iddal van a [&hellip;]<\/p>\n","protected":false},"author":1,"featured_media":0,"parent":0,"menu_order":0,"comment_status":"closed","ping_status":"closed","template":"","meta":{"_seopress_robots_primary_cat":"","_seopress_titles_title":"V\u00e1llalati nyelvi k\u00e9pz\u00e9sek \u2013 %%sitetitle%%","_seopress_titles_desc":"C\u00e9lzott v\u00e1llalati nyelvi k\u00e9pz\u00e9sek: \u00fczleti kommunik\u00e1ci\u00f3, meetingek, prezent\u00e1ci\u00f3k \u00e9s t\u00e1rgyal\u00e1sok magabiztosan. Online \u00e9s szem\u00e9lyes nyelvi fejleszt\u00e9s c\u00e9geknek.","_seopress_robots_index":"","footnotes":""},"class_list":["post-374","page","type-page","status-publish","hentry"],"_links":{"self":[{"href":"https:\/\/business-class.hu\/en\/wp-json\/wp\/v2\/pages\/374","targetHints":{"allow":["GET"]}}],"collection":[{"href":"https:\/\/business-class.hu\/en\/wp-json\/wp\/v2\/pages"}],"about":[{"href":"https:\/\/business-class.hu\/en\/wp-json\/wp\/v2\/types\/page"}],"author":[{"embeddable":true,"href":"https:\/\/business-class.hu\/en\/wp-json\/wp\/v2\/users\/1"}],"replies":[{"embeddable":true,"href":"https:\/\/business-class.hu\/en\/wp-json\/wp\/v2\/comments?post=374"}],"version-history":[{"count":76,"href":"https:\/\/business-class.hu\/en\/wp-json\/wp\/v2\/pages\/374\/revisions"}],"predecessor-version":[{"id":694,"href":"https:\/\/business-class.hu\/en\/wp-json\/wp\/v2\/pages\/374\/revisions\/694"}],"wp:attachment":[{"href":"https:\/\/business-class.hu\/en\/wp-json\/wp\/v2\/media?parent=374"}],"curies":[{"name":"wp","href":"https:\/\/api.w.org\/{rel}","templated":true}]}}