{"id":378,"date":"2026-02-27T11:19:37","date_gmt":"2026-02-27T10:19:37","guid":{"rendered":"https:\/\/fejlesztes.business-class.hu\/?page_id=378"},"modified":"2026-04-08T13:40:36","modified_gmt":"2026-04-08T11:40:36","slug":"testimonials","status":"publish","type":"page","link":"https:\/\/business-class.hu\/en\/referenciak\/","title":{"rendered":"Testimonials"},"content":{"rendered":"<div data-elementor-type=\"wp-page\" data-elementor-id=\"378\" class=\"elementor elementor-378\" data-elementor-post-type=\"page\">\n\t\t\t\t<div class=\"elementor-element elementor-element-bbee2bf e-flex e-con-boxed e-con e-parent\" data-id=\"bbee2bf\" data-element_type=\"container\" data-e-type=\"container\" data-settings=\"{&quot;background_background&quot;:&quot;classic&quot;}\">\n\t\t\t\t\t<div class=\"e-con-inner\">\n\t\t\t\t<div class=\"elementor-element elementor-element-f3ee471 elementor-widget elementor-widget-heading\" data-id=\"f3ee471\" data-element_type=\"widget\" data-e-type=\"widget\" data-widget_type=\"heading.default\">\n\t\t\t\t\t<h1 class=\"elementor-heading-title elementor-size-default\">Testimonials<\/h1>\t\t\t\t<\/div>\n\t\t\t\t<div class=\"elementor-element elementor-element-67000de elementor-widget__width-initial elementor-widget-mobile__width-inherit elementor-widget-tablet__width-inherit elementor-widget elementor-widget-text-editor\" data-id=\"67000de\" data-element_type=\"widget\" data-e-type=\"widget\" data-widget_type=\"text-editor.default\">\n\t\t\t\t\t\t\t\t\t<p><strong>Those Who Have Experienced the Difference<\/strong><br \/>Is it important for you to know this has worked for other companies? <br \/>Do you want to be absolutely sure before making a decision? Our partners don't talk about our \"courses.\" They talk about growth, efficiency, and tangible business results.<\/p>\t\t\t\t\t\t\t\t<\/div>\n\t\t\t\t<div class=\"elementor-element elementor-element-3031358 elementor-align-center elementor-widget elementor-widget-button\" data-id=\"3031358\" data-element_type=\"widget\" data-e-type=\"widget\" data-widget_type=\"button.default\">\n\t\t\t\t\t\t\t\t\t\t<a class=\"elementor-button elementor-button-link elementor-size-sm elementor-animation-grow\" href=\"https:\/\/fejlesztes.business-class.hu\/ajanlatkeres\/\">\n\t\t\t\t\t\t<span class=\"elementor-button-content-wrapper\">\n\t\t\t\t\t\t\t\t\t<span class=\"elementor-button-text\">Get my Custom Proposal<\/span>\n\t\t\t\t\t<\/span>\n\t\t\t\t\t<\/a>\n\t\t\t\t\t\t\t\t<\/div>\n\t\t\t\t\t<\/div>\n\t\t\t\t<\/div>\n\t\t<div class=\"elementor-element elementor-element-43f323a e-flex e-con-boxed e-con e-parent\" data-id=\"43f323a\" data-element_type=\"container\" data-e-type=\"container\">\n\t\t\t\t\t<div class=\"e-con-inner\">\n\t\t<div class=\"elementor-element elementor-element-4bc644b e-con-full e-flex e-con e-child\" data-id=\"4bc644b\" data-element_type=\"container\" data-e-type=\"container\">\n\t\t<div class=\"elementor-element elementor-element-44151b1 e-con-full e-flex e-con e-child\" data-id=\"44151b1\" data-element_type=\"container\" data-e-type=\"container\">\n\t\t<div class=\"elementor-element elementor-element-a3cf11b e-con-full e-flex e-con e-child\" data-id=\"a3cf11b\" data-element_type=\"container\" data-e-type=\"container\" data-settings=\"{&quot;background_background&quot;:&quot;classic&quot;}\">\n\t\t\t\t<div class=\"elementor-element elementor-element-923ea2a elementor-widget elementor-widget-heading\" data-id=\"923ea2a\" data-element_type=\"widget\" data-e-type=\"widget\" data-widget_type=\"heading.default\">\n\t\t\t\t\t<h3 class=\"elementor-heading-title elementor-size-default\">Be\u00e1ta E.<\/h3>\t\t\t\t<\/div>\n\t\t\t\t<div class=\"elementor-element elementor-element-8e74e4b elementor-widget elementor-widget-heading\" data-id=\"8e74e4b\" data-element_type=\"widget\" data-e-type=\"widget\" data-widget_type=\"heading.default\">\n\t\t\t\t\t<p class=\"elementor-heading-title elementor-size-default\">Smartfront<\/p>\t\t\t\t<\/div>\n\t\t\t\t<div class=\"elementor-element elementor-element-207473b elementor-widget elementor-widget-heading\" data-id=\"207473b\" data-element_type=\"widget\" data-e-type=\"widget\" data-widget_type=\"heading.default\">\n\t\t\t\t\t<p class=\"elementor-heading-title elementor-size-default\">\u201cFlexibility, attentiveness, professionalism, a great atmosphere during the lessons, and a teaching approach tailored to our needs. The atmosphere of the classes is excellent, thanks to the management\u2019s decisions and to selecting the teacher who is the most compatible with us on a personal level.\nIt\u2019s not difficult for me to get up in the morning and start the lessons at 7:30.\u201c\n<\/p>\t\t\t\t<\/div>\n\t\t\t\t<\/div>\n\t\t<div class=\"elementor-element elementor-element-c7bfe0e e-con-full e-flex e-con e-child\" data-id=\"c7bfe0e\" data-element_type=\"container\" data-e-type=\"container\" data-settings=\"{&quot;background_background&quot;:&quot;classic&quot;}\">\n\t\t\t\t<div class=\"elementor-element elementor-element-3c52a5c elementor-widget elementor-widget-heading\" data-id=\"3c52a5c\" data-element_type=\"widget\" data-e-type=\"widget\" data-widget_type=\"heading.default\">\n\t\t\t\t\t<h3 class=\"elementor-heading-title elementor-size-default\">P\u00e9ter Sz.<\/h3>\t\t\t\t<\/div>\n\t\t\t\t<div class=\"elementor-element elementor-element-b30ed89 elementor-widget elementor-widget-heading\" data-id=\"b30ed89\" data-element_type=\"widget\" data-e-type=\"widget\" data-widget_type=\"heading.default\">\n\t\t\t\t\t<p class=\"elementor-heading-title elementor-size-default\">Logmein<\/p>\t\t\t\t<\/div>\n\t\t\t\t<div class=\"elementor-element elementor-element-69e707d elementor-widget elementor-widget-heading\" data-id=\"69e707d\" data-element_type=\"widget\" data-e-type=\"widget\" data-widget_type=\"heading.default\">\n\t\t\t\t\t<p class=\"elementor-heading-title elementor-size-default\">\u201cThanks to the native-speaking teachers, my pronunciation has improved a lot. During the lessons I discovered that I had been pronouncing many English words incorrectly for years.\u201d<\/p>\t\t\t\t<\/div>\n\t\t\t\t<\/div>\n\t\t<div class=\"elementor-element elementor-element-88d7e1b e-con-full e-flex e-con e-child\" data-id=\"88d7e1b\" data-element_type=\"container\" data-e-type=\"container\" data-settings=\"{&quot;background_background&quot;:&quot;classic&quot;}\">\n\t\t\t\t<div class=\"elementor-element elementor-element-876912d elementor-widget elementor-widget-heading\" data-id=\"876912d\" data-element_type=\"widget\" data-e-type=\"widget\" data-widget_type=\"heading.default\">\n\t\t\t\t\t<h3 class=\"elementor-heading-title elementor-size-default\">L\u00e1szl\u00f3 Sz.<\/h3>\t\t\t\t<\/div>\n\t\t\t\t<div class=\"elementor-element elementor-element-52df417 elementor-widget elementor-widget-heading\" data-id=\"52df417\" data-element_type=\"widget\" data-e-type=\"widget\" data-widget_type=\"heading.default\">\n\t\t\t\t\t<p class=\"elementor-heading-title elementor-size-default\">Eximbank<\/p>\t\t\t\t<\/div>\n\t\t\t\t<div class=\"elementor-element elementor-element-6545c53 elementor-widget elementor-widget-heading\" data-id=\"6545c53\" data-element_type=\"widget\" data-e-type=\"widget\" data-widget_type=\"heading.default\">\n\t\t\t\t\t<p class=\"elementor-heading-title elementor-size-default\">\u201cI can recommend it to anyone who wants to improve their English effectively in a pleasant atmosphere with highly qualified teachers.\u201d<\/p>\t\t\t\t<\/div>\n\t\t\t\t<\/div>\n\t\t<div class=\"elementor-element elementor-element-e2d2241 e-con-full e-flex e-con e-child\" data-id=\"e2d2241\" data-element_type=\"container\" data-e-type=\"container\" data-settings=\"{&quot;background_background&quot;:&quot;classic&quot;}\">\n\t\t\t\t<div class=\"elementor-element elementor-element-e51c68f elementor-widget elementor-widget-heading\" data-id=\"e51c68f\" data-element_type=\"widget\" data-e-type=\"widget\" data-widget_type=\"heading.default\">\n\t\t\t\t\t<h3 class=\"elementor-heading-title elementor-size-default\">\u00c1d\u00e1m R.<\/h3>\t\t\t\t<\/div>\n\t\t\t\t<div class=\"elementor-element elementor-element-8adf1d5 elementor-widget elementor-widget-heading\" data-id=\"8adf1d5\" data-element_type=\"widget\" data-e-type=\"widget\" data-widget_type=\"heading.default\">\n\t\t\t\t\t<p class=\"elementor-heading-title elementor-size-default\">Pappas Aut\u00f3<\/p>\t\t\t\t<\/div>\n\t\t\t\t<div class=\"elementor-element elementor-element-c653644 elementor-widget elementor-widget-heading\" data-id=\"c653644\" data-element_type=\"widget\" data-e-type=\"widget\" data-widget_type=\"heading.default\">\n\t\t\t\t\t<p class=\"elementor-heading-title elementor-size-default\">\u201cBased on the experiences of the past years, I can say that Business Class is an extremely client-oriented company, where the ideas, wishes, and expectations of partners, clients, and learners are genuinely taken into consideration. The teachers strive to meet these expectations while remaining highly committed to quality education and ensuring that every lesson is truly engaging and useful. When the same commitment is present from the learner\u2019s side as well, progress is guaranteed.\u201d<\/p>\t\t\t\t<\/div>\n\t\t\t\t<\/div>\n\t\t<div class=\"elementor-element elementor-element-dce97aa e-con-full e-flex e-con e-child\" data-id=\"dce97aa\" data-element_type=\"container\" data-e-type=\"container\" data-settings=\"{&quot;background_background&quot;:&quot;classic&quot;}\">\n\t\t\t\t<div class=\"elementor-element elementor-element-5cd6b12 elementor-widget elementor-widget-heading\" data-id=\"5cd6b12\" data-element_type=\"widget\" data-e-type=\"widget\" data-widget_type=\"heading.default\">\n\t\t\t\t\t<h3 class=\"elementor-heading-title elementor-size-default\">Rexfilm<\/h3>\t\t\t\t<\/div>\n\t\t\t\t<div class=\"elementor-element elementor-element-e72c332 elementor-widget elementor-widget-heading\" data-id=\"e72c332\" data-element_type=\"widget\" data-e-type=\"widget\" data-widget_type=\"heading.default\">\n\t\t\t\t\t<p class=\"elementor-heading-title elementor-size-default\">HR<\/p>\t\t\t\t<\/div>\n\t\t\t\t<div class=\"elementor-element elementor-element-a5924fc elementor-widget elementor-widget-heading\" data-id=\"a5924fc\" data-element_type=\"widget\" data-e-type=\"widget\" data-widget_type=\"heading.default\">\n\t\t\t\t\t<p class=\"elementor-heading-title elementor-size-default\">\u201cPersonalized, high-quality, and well-organized. Business Class Language School is a place where great attention is paid to the feedback and needs of the students, so regardless of their level of knowledge, everyone receives the most useful opportunity for development.\n\nThrough real-life examples, we learn how to behave and speak in business situations. The teachers\u2019 personalities, enthusiasm, and humor make even the more difficult grammar lessons enjoyable. In the rush of everyday life, the classes almost feel like relaxation. Despite the early start, the lessons are always held in a good atmosphere, and knowledge seems to stick to us almost unnoticed. I recommend it to anyone who would like their colleagues to develop their language skills in a professional environment and at the same time enjoy the time spent on it.\u201d\n<\/p>\t\t\t\t<\/div>\n\t\t\t\t<\/div>\n\t\t<div class=\"elementor-element elementor-element-f773bfd e-con-full e-flex e-con e-child\" data-id=\"f773bfd\" data-element_type=\"container\" data-e-type=\"container\" data-settings=\"{&quot;background_background&quot;:&quot;classic&quot;}\">\n\t\t\t\t<div class=\"elementor-element elementor-element-fadb624 elementor-widget elementor-widget-heading\" data-id=\"fadb624\" data-element_type=\"widget\" data-e-type=\"widget\" data-widget_type=\"heading.default\">\n\t\t\t\t\t<h3 class=\"elementor-heading-title elementor-size-default\">Vivien V.<\/h3>\t\t\t\t<\/div>\n\t\t\t\t<div class=\"elementor-element elementor-element-4432c78 elementor-widget elementor-widget-heading\" data-id=\"4432c78\" data-element_type=\"widget\" data-e-type=\"widget\" data-widget_type=\"heading.default\">\n\t\t\t\t\t<p class=\"elementor-heading-title elementor-size-default\">DHL<\/p>\t\t\t\t<\/div>\n\t\t\t\t<div class=\"elementor-element elementor-element-13c0a97 elementor-widget elementor-widget-heading\" data-id=\"13c0a97\" data-element_type=\"widget\" data-e-type=\"widget\" data-widget_type=\"heading.default\">\n\t\t\t\t\t<p class=\"elementor-heading-title elementor-size-default\">\u201cWhen I was at school, I hated going to English classes; it always felt like a necessary evil. However, the classes at Business Class are interesting and help me understand the meaning behind things, so I can take part in very useful lessons. The lessons are relaxed and entertaining, and I don\u2019t feel the tension that I used to feel back then in the classroom. The management of the school is friendly and helpful; they regularly ask for and give feedback, which I think is a fair approach\u2014especially since they truly take that feedback into consideration.\u201d<\/p>\t\t\t\t<\/div>\n\t\t\t\t<\/div>\n\t\t\t\t<\/div>\n\t\t<div class=\"elementor-element elementor-element-14e1dfc e-con-full e-flex e-con e-child\" data-id=\"14e1dfc\" data-element_type=\"container\" data-e-type=\"container\">\n\t\t\t\t<div class=\"elementor-element elementor-element-a4dcabf elementor-widget elementor-widget-image\" data-id=\"a4dcabf\" data-element_type=\"widget\" data-e-type=\"widget\" data-widget_type=\"image.default\">\n\t\t\t\t\t\t\t\t\t\t\t\t\t\t\t<img alt=\"\" fetchpriority=\"high\" decoding=\"async\" width=\"462\" height=\"1024\" src=\"https:\/\/business-class.hu\/wp-content\/uploads\/2026\/03\/bcecreff3_01-462x1024.png\" class=\"attachment-large size-large wp-image-584\" srcset=\"https:\/\/business-class.hu\/wp-content\/uploads\/2026\/03\/bcecreff3_01-462x1024.png 462w, https:\/\/business-class.hu\/wp-content\/uploads\/2026\/03\/bcecreff3_01-316x700.png 316w, https:\/\/business-class.hu\/wp-content\/uploads\/2026\/03\/bcecreff3_01-768x1703.png 768w, https:\/\/business-class.hu\/wp-content\/uploads\/2026\/03\/bcecreff3_01-693x1536.png 693w, https:\/\/business-class.hu\/wp-content\/uploads\/2026\/03\/bcecreff3_01-924x2048.png 924w, https:\/\/business-class.hu\/wp-content\/uploads\/2026\/03\/bcecreff3_01.png 1528w\" sizes=\"(max-width: 462px) 100vw, 462px\" \/>\t\t\t\t\t\t\t\t\t\t\t\t\t\t\t<\/div>\n\t\t\t\t<div class=\"elementor-element elementor-element-dbc962a elementor-widget elementor-widget-image\" data-id=\"dbc962a\" data-element_type=\"widget\" data-e-type=\"widget\" data-widget_type=\"image.default\">\n\t\t\t\t\t\t\t\t\t\t\t\t\t\t\t<img alt=\"\" decoding=\"async\" width=\"599\" height=\"1024\" src=\"https:\/\/business-class.hu\/wp-content\/uploads\/2026\/03\/referenciak-599x1024.png\" class=\"attachment-large size-large wp-image-582\" srcset=\"https:\/\/business-class.hu\/wp-content\/uploads\/2026\/03\/referenciak-599x1024.png 599w, https:\/\/business-class.hu\/wp-content\/uploads\/2026\/03\/referenciak-409x700.png 409w, https:\/\/business-class.hu\/wp-content\/uploads\/2026\/03\/referenciak-768x1313.png 768w, https:\/\/business-class.hu\/wp-content\/uploads\/2026\/03\/referenciak-899x1536.png 899w, https:\/\/business-class.hu\/wp-content\/uploads\/2026\/03\/referenciak-1198x2048.png 1198w, https:\/\/business-class.hu\/wp-content\/uploads\/2026\/03\/referenciak.png 1528w\" sizes=\"(max-width: 599px) 100vw, 599px\" \/>\t\t\t\t\t\t\t\t\t\t\t\t\t\t\t<\/div>\n\t\t\t\t<div class=\"elementor-element elementor-element-5166f97 elementor-widget elementor-widget-image\" data-id=\"5166f97\" data-element_type=\"widget\" data-e-type=\"widget\" data-widget_type=\"image.default\">\n\t\t\t\t\t\t\t\t\t\t\t\t\t\t\t<img alt=\"\" decoding=\"async\" width=\"800\" height=\"634\" src=\"https:\/\/business-class.hu\/wp-content\/uploads\/2026\/03\/bcecreff_03-1024x812-1.png\" class=\"attachment-large size-large wp-image-585\" srcset=\"https:\/\/business-class.hu\/wp-content\/uploads\/2026\/03\/bcecreff_03-1024x812-1.png 1024w, https:\/\/business-class.hu\/wp-content\/uploads\/2026\/03\/bcecreff_03-1024x812-1-700x555.png 700w, https:\/\/business-class.hu\/wp-content\/uploads\/2026\/03\/bcecreff_03-1024x812-1-768x609.png 768w\" sizes=\"(max-width: 800px) 100vw, 800px\" \/>\t\t\t\t\t\t\t\t\t\t\t\t\t\t\t<\/div>\n\t\t\t\t<\/div>\n\t\t\t\t<\/div>\n\t\t\t\t\t<\/div>\n\t\t\t\t<\/div>\n\t\t\t\t<\/div>","protected":false},"excerpt":{"rendered":"<p>Referenci\u00e1k Akik m\u00e1r megtapasztalt\u00e1k a k\u00fcl\u00f6nbs\u00e9getFontos neked, hogy m\u00e1s c\u00e9geknek m\u00e1r m\u0171k\u00f6d\u00f6tt? Szeretn\u00e9l biztosra menni a d\u00f6nt\u00e9s el\u0151tt? Partnereink nem tanfolyamr\u00f3l besz\u00e9lnek. Hanem fejl\u0151d\u00e9sr\u0151l, hat\u00e9konys\u00e1gr\u00f3l, eredm\u00e9nyekr\u0151l. K\u00e9rj szem\u00e9lyre szabott \u00e1raj\u00e1nlatot E. Be\u00e1ta Smartfront \u201eRugalmass\u00e1g, k\u00f6r\u00fcltekint\u0151s\u00e9g, professzionalizmus, az \u00f3r\u00e1kon j\u00f3 hangulat, ig\u00e9nyekhez alkalmazkod\u00f3\u201d Az \u00f3ra hangulata kiv\u00e1l\u00f3, k\u00f6sz\u00f6nhet\u0151 a vezet\u0151k int\u00e9zked\u00e9s\u00e9nek \u00e9s az emberileg legink\u00e1bb vel\u00fcnk [&hellip;]<\/p>\n","protected":false},"author":1,"featured_media":0,"parent":0,"menu_order":0,"comment_status":"closed","ping_status":"closed","template":"","meta":{"_seopress_robots_primary_cat":"","_seopress_titles_title":"V\u00e1llalati nyelvi k\u00e9pz\u00e9s referenci\u00e1k, el\u00e9gedett c\u00e9ges partnereink","_seopress_titles_desc":"Olvasd el partnereink tapasztalatait v\u00e1llalati nyelvi k\u00e9pz\u00e9seinkr\u0151l. Val\u00f3di fejl\u0151d\u00e9s, magabiztosabb \u00fczleti kommunik\u00e1ci\u00f3 \u00e9s hat\u00e9kony nyelvi fejleszt\u00e9s c\u00e9geknek.","_seopress_robots_index":"","footnotes":""},"class_list":["post-378","page","type-page","status-publish","hentry"],"_links":{"self":[{"href":"https:\/\/business-class.hu\/en\/wp-json\/wp\/v2\/pages\/378","targetHints":{"allow":["GET"]}}],"collection":[{"href":"https:\/\/business-class.hu\/en\/wp-json\/wp\/v2\/pages"}],"about":[{"href":"https:\/\/business-class.hu\/en\/wp-json\/wp\/v2\/types\/page"}],"author":[{"embeddable":true,"href":"https:\/\/business-class.hu\/en\/wp-json\/wp\/v2\/users\/1"}],"replies":[{"embeddable":true,"href":"https:\/\/business-class.hu\/en\/wp-json\/wp\/v2\/comments?post=378"}],"version-history":[{"count":26,"href":"https:\/\/business-class.hu\/en\/wp-json\/wp\/v2\/pages\/378\/revisions"}],"predecessor-version":[{"id":734,"href":"https:\/\/business-class.hu\/en\/wp-json\/wp\/v2\/pages\/378\/revisions\/734"}],"wp:attachment":[{"href":"https:\/\/business-class.hu\/en\/wp-json\/wp\/v2\/media?parent=378"}],"curies":[{"name":"wp","href":"https:\/\/api.w.org\/{rel}","templated":true}]}}