{"id":380,"date":"2026-02-27T11:19:53","date_gmt":"2026-02-27T10:19:53","guid":{"rendered":"https:\/\/fejlesztes.business-class.hu\/?page_id=380"},"modified":"2026-03-05T11:49:00","modified_gmt":"2026-03-05T10:49:00","slug":"about-us","status":"publish","type":"page","link":"https:\/\/business-class.hu\/en\/rolunk\/","title":{"rendered":"About Us"},"content":{"rendered":"<div data-elementor-type=\"wp-page\" data-elementor-id=\"380\" class=\"elementor elementor-380\" data-elementor-post-type=\"page\">\n\t\t\t\t<div class=\"elementor-element elementor-element-6d599c2 e-flex e-con-boxed e-con e-parent\" data-id=\"6d599c2\" data-element_type=\"container\" data-e-type=\"container\" data-settings=\"{&quot;background_background&quot;:&quot;classic&quot;}\">\n\t\t\t\t\t<div class=\"e-con-inner\">\n\t\t\t\t<div class=\"elementor-element elementor-element-0247419 elementor-widget elementor-widget-heading\" data-id=\"0247419\" data-element_type=\"widget\" data-e-type=\"widget\" data-widget_type=\"heading.default\">\n\t\t\t\t\t<h1 class=\"elementor-heading-title elementor-size-default\">About Us<\/h1>\t\t\t\t<\/div>\n\t\t\t\t\t<\/div>\n\t\t\t\t<\/div>\n\t\t<div class=\"elementor-element elementor-element-2b9b551 e-flex e-con-boxed e-con e-parent\" data-id=\"2b9b551\" data-element_type=\"container\" data-e-type=\"container\">\n\t\t\t\t\t<div class=\"e-con-inner\">\n\t\t<div class=\"elementor-element elementor-element-6a507ee e-con-full e-flex e-con e-child\" data-id=\"6a507ee\" data-element_type=\"container\" data-e-type=\"container\">\n\t\t\t\t<div class=\"elementor-element elementor-element-3e5967a elementor-widget elementor-widget-heading\" data-id=\"3e5967a\" data-element_type=\"widget\" data-e-type=\"widget\" data-widget_type=\"heading.default\">\n\t\t\t\t\t<h2 class=\"elementor-heading-title elementor-size-default\">Szilvia Szente<\/h2>\t\t\t\t<\/div>\n\t\t\t\t<div class=\"elementor-element elementor-element-13c83d0 elementor-widget elementor-widget-text-editor\" data-id=\"13c83d0\" data-element_type=\"widget\" data-e-type=\"widget\" data-widget_type=\"text-editor.default\">\n\t\t\t\t\t\t\t\t\t<p><strong>Founder &amp; Managing Director of Business Class<\/strong><\/p>\t\t\t\t\t\t\t\t<\/div>\n\t\t\t\t<div class=\"elementor-element elementor-element-a87d45e elementor-widget elementor-widget-text-editor\" data-id=\"a87d45e\" data-element_type=\"widget\" data-e-type=\"widget\" data-widget_type=\"text-editor.default\">\n\t\t\t\t\t\t\t\t\t<p>With over 30 years of professional experience, degrees in both language teaching and economics, and a background as an international (TOEIC) trainer, I help corporate leaders and professionals unlock their potential.<\/p><p>I founded Business Class because I met entirely too many outstanding professionals who understood English perfectly, yet didn't dare to speak up confidently in critical business situations.<\/p><p>We don't do traditional language teaching here.<br \/>We develop real business communication, preparing our clients for high-stakes presentations, board meetings, negotiations, and executive speaking.<\/p><p>I firmly believe that Business English only truly works when it is immediately applicable, built around the participant's own daily tasks, and prepares them for real-world scenarios.<br \/>For me, the absolute priorities are uncompromising quality, client satisfaction, and maintaining a stable, deeply dedicated team of instructors.<\/p><p>When a leader stops translating in their head and is simply, confidently present in an international meeting \u2014 that's when we know we've done our job well.<\/p>\t\t\t\t\t\t\t\t<\/div>\n\t\t\t\t<\/div>\n\t\t<div class=\"elementor-element elementor-element-135bba5 e-con-full e-flex e-con e-child\" data-id=\"135bba5\" data-element_type=\"container\" data-e-type=\"container\">\n\t\t\t\t<div class=\"elementor-element elementor-element-8c17a04 elementor-widget elementor-widget-video\" data-id=\"8c17a04\" data-element_type=\"widget\" data-e-type=\"widget\" data-settings=\"{&quot;youtube_url&quot;:&quot;https:\\\/\\\/youtu.be\\\/lGsPjhHQUXU&quot;,&quot;video_type&quot;:&quot;youtube&quot;,&quot;controls&quot;:&quot;yes&quot;}\" data-widget_type=\"video.default\">\n\t\t\t\t\t\t\t<div class=\"elementor-wrapper elementor-open-inline\">\n\t\t\t<div class=\"elementor-video\"><\/div>\t\t<\/div>\n\t\t\t\t\t\t<\/div>\n\t\t\t\t<\/div>\n\t\t\t\t\t<\/div>\n\t\t\t\t<\/div>\n\t\t\t\t<\/div>","protected":false},"excerpt":{"rendered":"<p>R\u00f3lunk Szente Szilvia A Business Class alap\u00edt\u00f3ja \u00e9s \u00fcgyvezet\u0151je T\u00f6bb mint 30 \u00e9v szakmai tapasztalattal, nyelvtan\u00e1ri \u00e9s k\u00f6zgazd\u00e1sz v\u00e9gzetts\u00e9ggel, valamint nemzetk\u00f6zi (TOEIC) tr\u00e9neri h\u00e1tt\u00e9rrel seg\u00edtem a v\u00e1llalati vezet\u0151k \u00e9s szakemberek fejl\u0151d\u00e9s\u00e9t. A Business Class az\u00e9rt j\u00f6tt l\u00e9tre, mert t\u00fal sok olyan kiv\u00e1l\u00f3 szakemberrel tal\u00e1lkoztam, akik \u00e9rtett\u00e9k az angolt, m\u00e9gsem mertek magabiztosan megsz\u00f3lalni \u00fczleti helyzetekben. N\u00e1lunk [&hellip;]<\/p>\n","protected":false},"author":1,"featured_media":0,"parent":0,"menu_order":0,"comment_status":"closed","ping_status":"closed","template":"","meta":{"_seopress_robots_primary_cat":"","_seopress_titles_title":"Szente Szilvia \u2013 a Business Class nyelviskola alap\u00edt\u00f3ja","_seopress_titles_desc":"Ismerd meg Szente Szilvi\u00e1t, a Business Class alap\u00edt\u00f3j\u00e1t. T\u00f6bb mint 30 \u00e9v tapasztalat v\u00e1llalati nyelvi k\u00e9pz\u00e9sben \u00e9s \u00fczleti angol kommunik\u00e1ci\u00f3 fejleszt\u00e9sben.","_seopress_robots_index":"","footnotes":""},"class_list":["post-380","page","type-page","status-publish","hentry"],"_links":{"self":[{"href":"https:\/\/business-class.hu\/en\/wp-json\/wp\/v2\/pages\/380","targetHints":{"allow":["GET"]}}],"collection":[{"href":"https:\/\/business-class.hu\/en\/wp-json\/wp\/v2\/pages"}],"about":[{"href":"https:\/\/business-class.hu\/en\/wp-json\/wp\/v2\/types\/page"}],"author":[{"embeddable":true,"href":"https:\/\/business-class.hu\/en\/wp-json\/wp\/v2\/users\/1"}],"replies":[{"embeddable":true,"href":"https:\/\/business-class.hu\/en\/wp-json\/wp\/v2\/comments?post=380"}],"version-history":[{"count":11,"href":"https:\/\/business-class.hu\/en\/wp-json\/wp\/v2\/pages\/380\/revisions"}],"predecessor-version":[{"id":681,"href":"https:\/\/business-class.hu\/en\/wp-json\/wp\/v2\/pages\/380\/revisions\/681"}],"wp:attachment":[{"href":"https:\/\/business-class.hu\/en\/wp-json\/wp\/v2\/media?parent=380"}],"curies":[{"name":"wp","href":"https:\/\/api.w.org\/{rel}","templated":true}]}}